{"id":5256,"date":"2025-05-09T12:24:37","date_gmt":"2025-05-09T10:24:37","guid":{"rendered":"https:\/\/legadoiberico.com\/politique-relative-aux-cookies\/"},"modified":"2025-07-17T10:26:37","modified_gmt":"2025-07-17T08:26:37","slug":"politique-relative-aux-cookies","status":"publish","type":"page","link":"https:\/\/legadoiberico.com\/fr\/politique-relative-aux-cookies\/","title":{"rendered":"Politique relative aux cookies"},"content":{"rendered":"\t\t<div data-elementor-type=\"wp-page\" data-elementor-id=\"5256\" class=\"elementor elementor-5256 elementor-76\" data-elementor-post-type=\"page\">\n\t\t\t\t<div class=\"elementor-element elementor-element-0dddbd4 e-flex e-con-boxed e-con e-parent\" data-id=\"0dddbd4\" data-element_type=\"container\" data-e-type=\"container\">\n\t\t\t\t\t<div class=\"e-con-inner\">\n\t\t\t\t<div class=\"elementor-element elementor-element-fd9403c elementor-widget elementor-widget-heading\" data-id=\"fd9403c\" data-element_type=\"widget\" data-e-type=\"widget\" data-widget_type=\"heading.default\">\n\t\t\t\t<div class=\"elementor-widget-container\">\n\t\t\t\t\t<h1 class=\"elementor-heading-title elementor-size-default\">Politique relative aux cookies<\/h1>\t\t\t\t<\/div>\n\t\t\t\t<\/div>\n\t\t\t\t\t<\/div>\n\t\t\t\t<\/div>\n\t\t<div class=\"elementor-element elementor-element-cb55a27 e-flex e-con-boxed e-con e-parent\" data-id=\"cb55a27\" data-element_type=\"container\" data-e-type=\"container\">\n\t\t\t\t\t<div class=\"e-con-inner\">\n\t\t\t\t<div class=\"elementor-element elementor-element-90aa750 elementor-widget elementor-widget-text-editor\" data-id=\"90aa750\" data-element_type=\"widget\" data-e-type=\"widget\" data-widget_type=\"text-editor.default\">\n\t\t\t\t<div class=\"elementor-widget-container\">\n\t\t\t\t\t\t\t\t\t<h3><strong>1.- UTILISATION DES COOKIES<\/strong><\/h3><p>Les cookies sont des fichiers stock\u00e9s sur votre ordinateur qui collectent des informations sur votre connexion Internet et le comportement des utilisateurs. Ils permettent de comprendre l&rsquo;utilisation du site web et de compiler des statistiques. <\/p><h3><strong>2.- UTILISATION DE COOKIES SUR LE SITE WEB ELPOZO ALIMENTACI\u00d3N<\/strong><\/h3><p>Les informations fournies par les cookies nous aident \u00e0 comprendre le profil de nos utilisateurs et \u00e0 vous offrir une meilleure exp\u00e9rience. ElPozo utilise ces informations pour am\u00e9liorer les services propos\u00e9s \u00e0 ses utilisateurs et nos communications avec eux. Nous utilisons uniquement les cookies n\u00e9cessaires \u00e0 la mise \u00e0 votre disposition des services de notre site web, sous r\u00e9serve de votre consentement.  <\/p><h3><strong>3.- TYPES DE COOKIES ET FINALIT\u00c9<\/strong><\/h3><p>Selon l&rsquo;entit\u00e9 qui g\u00e8re les cookies, ils peuvent \u00eatre class\u00e9s en groupes : Selon l&rsquo;entit\u00e9 qui les g\u00e8re :<\/p><ul><li>Cookies propri\u00e9taires : Ce sont des cookies envoy\u00e9s au terminal de l&rsquo;utilisateur \u00e0 partir d&rsquo;un ordinateur ou d&rsquo;un domaine g\u00e9r\u00e9 par l&rsquo;\u00e9diteur lui-m\u00eame et \u00e0 partir duquel le service demand\u00e9 par l&rsquo;utilisateur est fourni.<\/li><li>Cookies tiers : Ce sont des cookies envoy\u00e9s au terminal de l&rsquo;utilisateur \u00e0 partir d&rsquo;un ordinateur ou d&rsquo;un domaine non g\u00e9r\u00e9 par l&rsquo;\u00e9diteur, mais par une autre entit\u00e9 qui traite les donn\u00e9es obtenues via les cookies.<\/li><\/ul><p>En fonction de la dur\u00e9e pendant laquelle ils restent activ\u00e9s sur l&rsquo;\u00e9quipement terminal, ils sont divis\u00e9s en :<\/p><ul><li>Cookies de session : ils sont con\u00e7us pour collecter et stocker des donn\u00e9es pendant que l&rsquo;utilisateur acc\u00e8de \u00e0 un site Web.<\/li><li>Cookies persistants : Type de cookie dans lequel les donn\u00e9es restent stock\u00e9es sur l&rsquo;appareil et peuvent \u00eatre consult\u00e9es et trait\u00e9es pendant une p\u00e9riode d\u00e9finie par le responsable du cookie, qui peut aller de quelques minutes \u00e0 plusieurs ann\u00e9es.<\/li><\/ul><p>Selon leur fonction, ils sont class\u00e9s comme suit :<\/p><ul><li>Cookies techniques : ces cookies permettent au site de m\u00e9moriser vos choix afin de vous proposer des fonctionnalit\u00e9s plus performantes et plus personnalis\u00e9es. Cette cat\u00e9gorie inclut les cookies tiers. <\/li><li>Cookies de personnalisation : Ces cookies sont utilis\u00e9s pour vous proposer des publicit\u00e9s plus cibl\u00e9es en fonction de vos centres d&rsquo;int\u00e9r\u00eat et pour g\u00e9rer notre publicit\u00e9. Ces cookies collectent des informations sur vos activit\u00e9s sur ce site et d&rsquo;autres sites afin de vous proposer des publicit\u00e9s adapt\u00e9es \u00e0 vos centres d&rsquo;int\u00e9r\u00eat. Il s&rsquo;agit \u00e9galement de cookies de pr\u00e9f\u00e9rences, tels que la langue, le nombre de r\u00e9sultats affich\u00e9s lors de votre recherche, etc.  <\/li><li>Cookies d&rsquo;analyse : Ces cookies sont utilis\u00e9s pour nous fournir des informations statistiques sur les performances de notre Site (par exemple, pour compter les visites, comprendre les sources de trafic, etc.).<\/li><li>Cookies de r\u00e9seaux sociaux : Les cookies de r\u00e9seaux sociaux collectent des informations sur votre utilisation des r\u00e9seaux sociaux pour cr\u00e9er votre profil.<\/li><\/ul><h3><strong>4.- COMMENT ACCEPTER, REFUSER, REVOQUER LE CONSENTEMENT OU SUPPRIMER LES COOKIES<\/strong><\/h3><p>L&rsquo;utilisateur a la possibilit\u00e9 d&rsquo;accepter ou de refuser l&rsquo;utilisation de cookies gr\u00e2ce \u00e0 une notification qui s&rsquo;affiche lors de son premier acc\u00e8s au site web. Cette notification reste en vigueur jusqu&rsquo;\u00e0 ce que le consentement soit accord\u00e9 ou refus\u00e9, ou que l&rsquo;utilisateur configure les cookies selon ses pr\u00e9f\u00e9rences personnelles. L&rsquo;utilisateur peut retirer son consentement ou configurer les cookies \u00e0 tout moment via le panneau de configuration. Ce panneau permet d&rsquo;accepter ou de refuser les cookies utilis\u00e9s, ainsi que de les configurer \u00e0 tout moment. Nous vous informons qu&rsquo;ElPozo utilise ses propres cookies et ceux de tiers pour activer les fonctions de navigation de base, ainsi que pour analyser la navigation des utilisateurs sur le site web et l&rsquo;utilisation des services et produits qui y sont propos\u00e9s. Conform\u00e9ment \u00e0 la r\u00e9glementation applicable en mati\u00e8re de cookies, nous pouvons stocker des cookies sur l&rsquo;appareil de l&rsquo;utilisateur s&rsquo;ils sont strictement n\u00e9cessaires au fonctionnement de cette page. Pour tous les autres types de cookies, nous devons demander votre consentement. Voici quelques-uns des cookies que nous utilisons et pourquoi nous les utilisons :       <\/p><p>[wcc_category_list]<\/p><h3><strong>5.- D\u00c9SACTIVATION DES COOKIES<\/strong><\/h3><p>Vous pouvez modifier vos pr\u00e9f\u00e9rences en mati\u00e8re de cookies \u00e0 tout moment en cliquant sur le bouton [wcc_preference_button]. Cela vous permettra de consulter \u00e0 nouveau la banni\u00e8re de consentement aux cookies et de modifier vos pr\u00e9f\u00e9rences, ou de retirer votre consentement imm\u00e9diatement. <\/p><p>Concernant les cookies fournis par votre navigateur, veuillez noter que si vous acceptez les cookies tiers, vous devez les supprimer depuis les options de votre navigateur. En tant qu&rsquo;utilisateur, vous pouvez restreindre, bloquer ou supprimer les cookies des sites web. La quasi-totalit\u00e9 des navigateurs actuels vous permettent de modifier les param\u00e8tres des cookies. Ces param\u00e8tres peuvent \u00eatre d\u00e9finis dans les options ou les pr\u00e9f\u00e9rences de votre navigateur. Chaque navigateur ayant une approche diff\u00e9rente, la fonction d&rsquo;aide de votre navigateur vous expliquera comment proc\u00e9der.    <\/p><ul><li>Internet Explorer: windows.microsoft.com\/es-xl\/internet-explorer\/delete-manage-cookies#ie=\u00bbie-10\u2033<\/li><li>FireFox: support.mozilla.org\/es\/kb\/Borrar%20cookies<\/li><li>Chrome: support.google.com\/chrome\/answer\/95647?hl=\u00bbes\u00bb<\/li><li>Safari: www.apple.com\/es\/privacy\/use-of-cookies\/<\/li><\/ul><p>Vous trouverez ci-dessous des informations et des instructions sur la mani\u00e8re d&rsquo;acc\u00e9der au menu des param\u00e8tres des cookies et, le cas \u00e9ch\u00e9ant, aux param\u00e8tres de navigation priv\u00e9e dans chacun des principaux navigateurs :<\/p><ul><li>Internet Explorer: Outils -&gt; Options Internet -&gt; Privacidad -&gt; Configuration. Pour plus d&rsquo;informations, vous pouvez consulter le support Microsoft ou l&rsquo;aide de votre navigateur. <\/li><li>Firefox: Outils -&gt; Options -&gt; Confidentialit\u00e9 -&gt; Enregistrer -&gt; Configuration personnalis\u00e9e. Pour plus d&rsquo;informations, veuillez consulter le support Mozilla ou l&rsquo;aide de votre navigateur. <\/li><li>Chrome: Configuration -&gt; Afficher les options avanc\u00e9es -&gt; Confidentialit\u00e9 -&gt; Param\u00e8tres de contenu. Pour plus d&rsquo;informations, vous pouvez consulter le support Google ou l&rsquo;aide de votre navigateur. <\/li><li>Safari: Pr\u00e9f\u00e9rences -&gt; S\u00e9curit\u00e9. Pour plus d&rsquo;informations, vous pouvez consulter le support Apple ou l&rsquo;aide de votre navigateur. <\/li><\/ul><p>De m\u00eame, il existe des outils de gestion du stockage de vos cookies tels que les suivants :<\/p><ul><li>Ghostery: www.ghostery.com\/<\/li><li>Your online choices: www.youronlinechoices.com\/es\/<\/li><\/ul><p>Dans tous les cas, vous pouvez trouver plus d&rsquo;informations \u00e0 ce sujet et d\u00e9sactiver l&rsquo;utilisation de ces cookies www.google.es\/intl\/es\/analytics\/privacyoverview.html .<\/p><h3><strong>6.- INFORMATIONS SUR LES TRANSFERTS DE DONN\u00c9ES VERS DES PAYS TIERS<\/strong><\/h3><p>En cas de transferts de donn\u00e9es \u00e0 caract\u00e8re personnel vers un pays tiers ou une organisation internationale, ainsi que dans le cas de transferts vis\u00e9s \u00e0 l&rsquo;article 49(1), deuxi\u00e8me alin\u00e9a du RGPD, ceux-ci seront effectu\u00e9s avec des garanties appropri\u00e9es.<\/p><h3><strong>7.- DUR\u00c9E DE CONSERVATION DES DONN\u00c9ES COLLECT\u00c9ES<\/strong><\/h3><p>ElPozo conservera les donn\u00e9es pendant une dur\u00e9e n&rsquo;exc\u00e9dant pas celle n\u00e9cessaire aux fins d\u00e9crites ci-dessus, sans pr\u00e9judice de toute conservation qui pourrait \u00eatre n\u00e9cessaire \u00e0 la formulation, \u00e0 l&rsquo;exercice ou \u00e0 la d\u00e9fense de r\u00e9clamations potentielles et\/ou comme le permet la loi applicable.<\/p><h3><strong>8.- MISES \u00c0 JOUR ET MODIFICATIONS DE LA POLITIQUE DE COOKIES DU SITE WEB<\/strong><\/h3><p>Le site web d&rsquo;ElPozo est susceptible de modifier la pr\u00e9sente Politique relative aux cookies en fonction des exigences l\u00e9gislatives ou r\u00e9glementaires, ou afin de l&rsquo;adapter aux instructions de l&rsquo;Agence espagnole de protection des donn\u00e9es. Il est donc conseill\u00e9 aux utilisateurs de la consulter r\u00e9guli\u00e8rement. En cas de modification importante de la pr\u00e9sente Politique relative aux cookies, les utilisateurs en seront inform\u00e9s via le site web. Pour toute question, veuillez nous contacter \u00e0 l&rsquo;adresse e-mail suivante : protecciondedatos@grupofuertes.com.  <\/p><h3><strong>9.- AUTRES INFORMATIONS SUR L&rsquo;ART. 13 DU RGPD<\/strong><\/h3><p>Concernant les informations requises par l&rsquo;article 13 du RGPD qui ne font pas sp\u00e9cifiquement r\u00e9f\u00e9rence aux cookies, elles sont \u00e0 la disposition de l&rsquo;utilisateur dans la politique de confidentialit\u00e9 du site Web.<\/p>\t\t\t\t\t\t\t\t<\/div>\n\t\t\t\t<\/div>\n\t\t\t\t\t<\/div>\n\t\t\t\t<\/div>\n\t\t\t\t<\/div>\n\t\t","protected":false},"excerpt":{"rendered":"<p>Politique relative aux cookies 1.- UTILISATION DES COOKIES Les cookies sont des fichiers stock\u00e9s sur votre ordinateur qui collectent des informations sur votre connexion Internet et le comportement des utilisateurs. Ils permettent de comprendre l&rsquo;utilisation du site web et de compiler des statistiques. 2.- UTILISATION DE COOKIES SUR LE SITE WEB ELPOZO ALIMENTACI\u00d3N Les informations [&hellip;]<\/p>\n","protected":false},"author":2,"featured_media":0,"parent":0,"menu_order":0,"comment_status":"closed","ping_status":"closed","template":"elementor_header_footer","meta":{"footnotes":""},"class_list":["post-5256","page","type-page","status-publish","hentry"],"yoast_head":"<!-- This site is optimized with the Yoast SEO plugin v27.4 - https:\/\/yoast.com\/product\/yoast-seo-wordpress\/ -->\n<title>Politique relative aux cookies - Legado Ib\u00e9rico<\/title>\n<meta name=\"robots\" content=\"index, follow, max-snippet:-1, max-image-preview:large, max-video-preview:-1\" \/>\n<link rel=\"canonical\" href=\"https:\/\/legadoiberico.com\/fr\/politique-relative-aux-cookies\/\" \/>\n<meta property=\"og:locale\" content=\"fr_FR\" \/>\n<meta property=\"og:type\" content=\"article\" \/>\n<meta property=\"og:title\" content=\"Politique relative aux cookies - Legado Ib\u00e9rico\" \/>\n<meta property=\"og:description\" content=\"Politique relative aux cookies 1.- UTILISATION DES COOKIES Les cookies sont des fichiers stock\u00e9s sur votre ordinateur qui collectent des informations sur votre connexion Internet et le comportement des utilisateurs. Ils permettent de comprendre l&rsquo;utilisation du site web et de compiler des statistiques. 2.- UTILISATION DE COOKIES SUR LE SITE WEB ELPOZO ALIMENTACI\u00d3N Les informations [&hellip;]\" \/>\n<meta property=\"og:url\" content=\"https:\/\/legadoiberico.com\/fr\/politique-relative-aux-cookies\/\" \/>\n<meta property=\"og:site_name\" content=\"Legado Ib\u00e9rico\" \/>\n<meta property=\"article:publisher\" content=\"https:\/\/www.facebook.com\/legadoiberico\" \/>\n<meta property=\"article:modified_time\" content=\"2025-07-17T08:26:37+00:00\" \/>\n<meta property=\"og:image\" content=\"https:\/\/legadoiberico.com\/wp-content\/uploads\/2025\/04\/Logo_Legado_Iberico.png\" \/>\n\t<meta property=\"og:image:width\" content=\"272\" \/>\n\t<meta property=\"og:image:height\" content=\"184\" \/>\n\t<meta property=\"og:image:type\" content=\"image\/png\" \/>\n<meta name=\"twitter:card\" content=\"summary_large_image\" \/>\n<meta name=\"twitter:label1\" content=\"Dur\u00e9e de lecture estim\u00e9e\" \/>\n\t<meta name=\"twitter:data1\" content=\"7 minutes\" \/>\n<script type=\"application\/ld+json\" class=\"yoast-schema-graph\">{\"@context\":\"https:\\\/\\\/schema.org\",\"@graph\":[{\"@type\":\"WebPage\",\"@id\":\"https:\\\/\\\/legadoiberico.com\\\/fr\\\/politique-relative-aux-cookies\\\/\",\"url\":\"https:\\\/\\\/legadoiberico.com\\\/fr\\\/politique-relative-aux-cookies\\\/\",\"name\":\"Politique relative aux cookies - Legado Ib\u00e9rico\",\"isPartOf\":{\"@id\":\"https:\\\/\\\/legadoiberico.com\\\/fr\\\/#website\"},\"datePublished\":\"2025-05-09T10:24:37+00:00\",\"dateModified\":\"2025-07-17T08:26:37+00:00\",\"breadcrumb\":{\"@id\":\"https:\\\/\\\/legadoiberico.com\\\/fr\\\/politique-relative-aux-cookies\\\/#breadcrumb\"},\"inLanguage\":\"fr-FR\",\"potentialAction\":[{\"@type\":\"ReadAction\",\"target\":[\"https:\\\/\\\/legadoiberico.com\\\/fr\\\/politique-relative-aux-cookies\\\/\"]}]},{\"@type\":\"BreadcrumbList\",\"@id\":\"https:\\\/\\\/legadoiberico.com\\\/fr\\\/politique-relative-aux-cookies\\\/#breadcrumb\",\"itemListElement\":[{\"@type\":\"ListItem\",\"position\":1,\"name\":\"Portada\",\"item\":\"https:\\\/\\\/legadoiberico.com\\\/fr\\\/\"},{\"@type\":\"ListItem\",\"position\":2,\"name\":\"Politique relative aux cookies\"}]},{\"@type\":\"WebSite\",\"@id\":\"https:\\\/\\\/legadoiberico.com\\\/fr\\\/#website\",\"url\":\"https:\\\/\\\/legadoiberico.com\\\/fr\\\/\",\"name\":\"Legado Ib\u00e9rico | ElPozo\",\"description\":\"Legado, t\u00fa Ritual. Santuario de Sabor.\",\"publisher\":{\"@id\":\"https:\\\/\\\/legadoiberico.com\\\/fr\\\/#organization\"},\"alternateName\":\"Legado Ib\u00e9rico\",\"potentialAction\":[{\"@type\":\"SearchAction\",\"target\":{\"@type\":\"EntryPoint\",\"urlTemplate\":\"https:\\\/\\\/legadoiberico.com\\\/fr\\\/?s={search_term_string}\"},\"query-input\":{\"@type\":\"PropertyValueSpecification\",\"valueRequired\":true,\"valueName\":\"search_term_string\"}}],\"inLanguage\":\"fr-FR\"},{\"@type\":\"Organization\",\"@id\":\"https:\\\/\\\/legadoiberico.com\\\/fr\\\/#organization\",\"name\":\"Legado Ib\u00e9rico - ElPozo\",\"alternateName\":\"Legado Ib\u00e9rico\",\"url\":\"https:\\\/\\\/legadoiberico.com\\\/fr\\\/\",\"logo\":{\"@type\":\"ImageObject\",\"inLanguage\":\"fr-FR\",\"@id\":\"https:\\\/\\\/legadoiberico.com\\\/fr\\\/#\\\/schema\\\/logo\\\/image\\\/\",\"url\":\"https:\\\/\\\/legadoiberico.com\\\/wp-content\\\/uploads\\\/2025\\\/04\\\/logo-legado-v2.svg\",\"contentUrl\":\"https:\\\/\\\/legadoiberico.com\\\/wp-content\\\/uploads\\\/2025\\\/04\\\/logo-legado-v2.svg\",\"width\":450,\"height\":317,\"caption\":\"Legado Ib\u00e9rico - ElPozo\"},\"image\":{\"@id\":\"https:\\\/\\\/legadoiberico.com\\\/fr\\\/#\\\/schema\\\/logo\\\/image\\\/\"},\"sameAs\":[\"https:\\\/\\\/www.facebook.com\\\/legadoiberico\",\"https:\\\/\\\/www.youtube.com\\\/@LegadoIberico-zy9pg\",\"https:\\\/\\\/www.instagram.com\\\/legadoiberico\\\/\"]}]}<\/script>\n<!-- \/ Yoast SEO plugin. -->","yoast_head_json":{"title":"Politique relative aux cookies - Legado Ib\u00e9rico","robots":{"index":"index","follow":"follow","max-snippet":"max-snippet:-1","max-image-preview":"max-image-preview:large","max-video-preview":"max-video-preview:-1"},"canonical":"https:\/\/legadoiberico.com\/fr\/politique-relative-aux-cookies\/","og_locale":"fr_FR","og_type":"article","og_title":"Politique relative aux cookies - Legado Ib\u00e9rico","og_description":"Politique relative aux cookies 1.- UTILISATION DES COOKIES Les cookies sont des fichiers stock\u00e9s sur votre ordinateur qui collectent des informations sur votre connexion Internet et le comportement des utilisateurs. Ils permettent de comprendre l&rsquo;utilisation du site web et de compiler des statistiques. 2.- UTILISATION DE COOKIES SUR LE SITE WEB ELPOZO ALIMENTACI\u00d3N Les informations [&hellip;]","og_url":"https:\/\/legadoiberico.com\/fr\/politique-relative-aux-cookies\/","og_site_name":"Legado Ib\u00e9rico","article_publisher":"https:\/\/www.facebook.com\/legadoiberico","article_modified_time":"2025-07-17T08:26:37+00:00","og_image":[{"width":272,"height":184,"url":"https:\/\/legadoiberico.com\/wp-content\/uploads\/2025\/04\/Logo_Legado_Iberico.png","type":"image\/png"}],"twitter_card":"summary_large_image","twitter_misc":{"Dur\u00e9e de lecture estim\u00e9e":"7 minutes"},"schema":{"@context":"https:\/\/schema.org","@graph":[{"@type":"WebPage","@id":"https:\/\/legadoiberico.com\/fr\/politique-relative-aux-cookies\/","url":"https:\/\/legadoiberico.com\/fr\/politique-relative-aux-cookies\/","name":"Politique relative aux cookies - Legado Ib\u00e9rico","isPartOf":{"@id":"https:\/\/legadoiberico.com\/fr\/#website"},"datePublished":"2025-05-09T10:24:37+00:00","dateModified":"2025-07-17T08:26:37+00:00","breadcrumb":{"@id":"https:\/\/legadoiberico.com\/fr\/politique-relative-aux-cookies\/#breadcrumb"},"inLanguage":"fr-FR","potentialAction":[{"@type":"ReadAction","target":["https:\/\/legadoiberico.com\/fr\/politique-relative-aux-cookies\/"]}]},{"@type":"BreadcrumbList","@id":"https:\/\/legadoiberico.com\/fr\/politique-relative-aux-cookies\/#breadcrumb","itemListElement":[{"@type":"ListItem","position":1,"name":"Portada","item":"https:\/\/legadoiberico.com\/fr\/"},{"@type":"ListItem","position":2,"name":"Politique relative aux cookies"}]},{"@type":"WebSite","@id":"https:\/\/legadoiberico.com\/fr\/#website","url":"https:\/\/legadoiberico.com\/fr\/","name":"Legado Ib\u00e9rico | ElPozo","description":"Legado, t\u00fa Ritual. Santuario de Sabor.","publisher":{"@id":"https:\/\/legadoiberico.com\/fr\/#organization"},"alternateName":"Legado Ib\u00e9rico","potentialAction":[{"@type":"SearchAction","target":{"@type":"EntryPoint","urlTemplate":"https:\/\/legadoiberico.com\/fr\/?s={search_term_string}"},"query-input":{"@type":"PropertyValueSpecification","valueRequired":true,"valueName":"search_term_string"}}],"inLanguage":"fr-FR"},{"@type":"Organization","@id":"https:\/\/legadoiberico.com\/fr\/#organization","name":"Legado Ib\u00e9rico - ElPozo","alternateName":"Legado Ib\u00e9rico","url":"https:\/\/legadoiberico.com\/fr\/","logo":{"@type":"ImageObject","inLanguage":"fr-FR","@id":"https:\/\/legadoiberico.com\/fr\/#\/schema\/logo\/image\/","url":"https:\/\/legadoiberico.com\/wp-content\/uploads\/2025\/04\/logo-legado-v2.svg","contentUrl":"https:\/\/legadoiberico.com\/wp-content\/uploads\/2025\/04\/logo-legado-v2.svg","width":450,"height":317,"caption":"Legado Ib\u00e9rico - ElPozo"},"image":{"@id":"https:\/\/legadoiberico.com\/fr\/#\/schema\/logo\/image\/"},"sameAs":["https:\/\/www.facebook.com\/legadoiberico","https:\/\/www.youtube.com\/@LegadoIberico-zy9pg","https:\/\/www.instagram.com\/legadoiberico\/"]}]}},"_links":{"self":[{"href":"https:\/\/legadoiberico.com\/fr\/wp-json\/wp\/v2\/pages\/5256","targetHints":{"allow":["GET"]}}],"collection":[{"href":"https:\/\/legadoiberico.com\/fr\/wp-json\/wp\/v2\/pages"}],"about":[{"href":"https:\/\/legadoiberico.com\/fr\/wp-json\/wp\/v2\/types\/page"}],"author":[{"embeddable":true,"href":"https:\/\/legadoiberico.com\/fr\/wp-json\/wp\/v2\/users\/2"}],"replies":[{"embeddable":true,"href":"https:\/\/legadoiberico.com\/fr\/wp-json\/wp\/v2\/comments?post=5256"}],"version-history":[{"count":1,"href":"https:\/\/legadoiberico.com\/fr\/wp-json\/wp\/v2\/pages\/5256\/revisions"}],"predecessor-version":[{"id":5257,"href":"https:\/\/legadoiberico.com\/fr\/wp-json\/wp\/v2\/pages\/5256\/revisions\/5257"}],"wp:attachment":[{"href":"https:\/\/legadoiberico.com\/fr\/wp-json\/wp\/v2\/media?parent=5256"}],"curies":[{"name":"wp","href":"https:\/\/api.w.org\/{rel}","templated":true}]}}