{"id":5264,"date":"2025-04-14T11:07:34","date_gmt":"2025-04-14T09:07:34","guid":{"rendered":"https:\/\/legadoiberico.com\/datenschutzrichtlinie\/"},"modified":"2025-07-17T10:42:59","modified_gmt":"2025-07-17T08:42:59","slug":"datenschutzrichtlinie","status":"publish","type":"page","link":"https:\/\/legadoiberico.com\/de\/datenschutzrichtlinie\/","title":{"rendered":"Datenschutzrichtlinie"},"content":{"rendered":"\t\t<div data-elementor-type=\"wp-page\" data-elementor-id=\"5264\" class=\"elementor elementor-5264 elementor-3\" data-elementor-post-type=\"page\">\n\t\t\t\t<div class=\"elementor-element elementor-element-1b996ec e-flex e-con-boxed e-con e-parent\" data-id=\"1b996ec\" data-element_type=\"container\" data-e-type=\"container\">\n\t\t\t\t\t<div class=\"e-con-inner\">\n\t\t\t\t<div class=\"elementor-element elementor-element-db955c7 elementor-widget elementor-widget-heading\" data-id=\"db955c7\" data-element_type=\"widget\" data-e-type=\"widget\" data-widget_type=\"heading.default\">\n\t\t\t\t<div class=\"elementor-widget-container\">\n\t\t\t\t\t<h1 class=\"elementor-heading-title elementor-size-default\">Datenschutzrichtlinie<\/h1>\t\t\t\t<\/div>\n\t\t\t\t<\/div>\n\t\t\t\t\t<\/div>\n\t\t\t\t<\/div>\n\t\t<div class=\"elementor-element elementor-element-16a5b18 e-flex e-con-boxed e-con e-parent\" data-id=\"16a5b18\" data-element_type=\"container\" data-e-type=\"container\">\n\t\t\t\t\t<div class=\"e-con-inner\">\n\t\t\t\t<div class=\"elementor-element elementor-element-5ab147c elementor-widget elementor-widget-heading\" data-id=\"5ab147c\" data-element_type=\"widget\" data-e-type=\"widget\" data-widget_type=\"heading.default\">\n\t\t\t\t<div class=\"elementor-widget-container\">\n\t\t\t\t\t<h3 class=\"elementor-heading-title elementor-size-default\">Allgemeine Gesch\u00e4ftsbedingungen<\/h3>\t\t\t\t<\/div>\n\t\t\t\t<\/div>\n\t\t\t\t<div class=\"elementor-element elementor-element-235a4a8 elementor-widget elementor-widget-text-editor\" data-id=\"235a4a8\" data-element_type=\"widget\" data-e-type=\"widget\" data-widget_type=\"text-editor.default\">\n\t\t\t\t<div class=\"elementor-widget-container\">\n\t\t\t\t\t\t\t\t\t<p>In \u00dcbereinstimmung mit dem spanischen Organgesetz 15\/1999 vom 13. Dezember zum Schutz personenbezogener Daten wird der Benutzer dar\u00fcber informiert, dass die \u00fcber diese Website erhaltenen personenbezogenen Daten in automatisierten Dateien von ELPOZO ALIMENTACI\u00d3N S.A. gespeichert und gem\u00e4\u00df den Bestimmungen des spanischen Organgesetzes zum Datenschutz zu folgenden Zwecken verarbeitet werden: Bereitstellung von Informationen \u00fcber Werbe- und Promotionsaktivit\u00e4ten und Neuigkeiten des Unternehmens im Allgemeinen und seiner Produkte im Besonderen, Erleichterung der Kontaktaufnahme mit dem Unternehmen f\u00fcr die Benutzer der Website, Verwaltung der Personalauswahl und\/oder erforderlicher verwaltungstechnischer, wirtschaftlicher und kommerzieller Verfahren.<\/p><p style=\"margin-top: 0px; margin-bottom: 1rem; caret-color: #212529; color: #212529; font-family: Raleway, sans-serif; letter-spacing: 0.16px;\">ELPOZO ALIMENTACI\u00d3N, S.A., der Verantwortliche f\u00fcr die Datenverarbeitung, verpflichtet sich, die Daten ausschlie\u00dflich f\u00fcr den Zweck zu verwenden, f\u00fcr den sie erhoben wurden, und sie nicht unrechtm\u00e4\u00dfig an Dritte weiterzugeben. Dar\u00fcber hinaus verpflichtet sich das Unternehmen, Ihre Daten vertraulich zu behandeln und die notwendigen technischen, organisatorischen und sicherheitsrelevanten Ma\u00dfnahmen zu ergreifen, um eine unbefugte Verarbeitung oder den unbefugten Zugriff zu verhindern. <\/p><p style=\"margin-top: 0px; margin-bottom: 1rem; caret-color: #212529; color: #212529; font-family: Raleway, sans-serif; letter-spacing: 0.16px;\">Durch das Ausf\u00fcllen eines beliebigen Formulars auf dieser Website erkl\u00e4rt sich der Benutzer ausdr\u00fccklich mit der Erfassung seiner Daten durch ELPOZO ALIMENTACI\u00d3N, S.A. einverstanden, wobei er sich dar\u00fcber im Klaren ist, dass diese Daten vor\u00fcbergehend in Computerdateien des Unternehmens gespeichert werden.<\/p><p style=\"margin-top: 0px; margin-bottom: 1rem; caret-color: #212529; color: #212529; font-family: Raleway, sans-serif; letter-spacing: 0.16px;\">Die betroffenen Personen werden hiermit auch \u00fcber ihr Recht auf Zugriff, Berichtigung, L\u00f6schung und Widerspruch ihrer Daten informiert. Sie k\u00f6nnen diese Rechte aus\u00fcben, indem sie a) eine schriftliche Anfrage an ELPOZO ALIMENTACI\u00d3N S.A. (z. Hd. der Steuerbeh\u00f6rde), Avenida Antonio Fuertes Nr. 1, C.P. 30840, Alhama de Murcia, senden; b) diese Anfrage per Fax an +34 968 636701 senden; oder c) eine E-Mail an elpozo@elpozo.com senden.<\/p><p style=\"margin-top: 0px; margin-bottom: 1rem; caret-color: #212529; color: #212529; font-family: Raleway, sans-serif; letter-spacing: 0.16px;\">Der Nutzer haftet in jedem Fall f\u00fcr die Richtigkeit der von ihm angegebenen Daten sowie f\u00fcr alle Sch\u00e4den, die durch die Angabe falscher, unrichtiger, ungenauer, unvollst\u00e4ndiger oder veralteter Daten entstehen. Der Dateiinhaber beh\u00e4lt sich das Recht vor, Nutzer, die falsche oder fehlerhafte Daten angegeben haben, unbeschadet anderer Rechtsmittel von den registrierten Diensten auszuschlie\u00dfen.<\/p><p style=\"margin-top: 0px; margin-bottom: 1rem; caret-color: #212529; color: #212529; font-family: Raleway, sans-serif; letter-spacing: 0.16px;\">Ebenso wird der Benutzer dar\u00fcber informiert, dass der Eigent\u00fcmer der Datei seine personenbezogenen Daten zu den in dieser Klausel genannten Zwecken an die \u00fcbrigen Unternehmen der GRUPO CORPORATIVO FUERTES S.L., an Unternehmen derselben Gruppe oder an andere Unternehmen, mit denen ELPOZO ALIMENTACI\u00d3N S.A. oder GRUPO CORPORATIVO FUERTES S.L. irgendeine Art von Vereinbarung oder Beziehung unterh\u00e4lt, weitergeben kann, sofern der Benutzer nicht ausdr\u00fccklich widerspricht.<\/p>\t\t\t\t\t\t\t\t<\/div>\n\t\t\t\t<\/div>\n\t\t\t\t\t<\/div>\n\t\t\t\t<\/div>\n\t\t\t\t<\/div>\n\t\t","protected":false},"excerpt":{"rendered":"<p>Datenschutzrichtlinie Allgemeine Gesch\u00e4ftsbedingungen In \u00dcbereinstimmung mit dem spanischen Organgesetz 15\/1999 vom 13. Dezember zum Schutz personenbezogener Daten wird der Benutzer dar\u00fcber informiert, dass die \u00fcber diese Website erhaltenen personenbezogenen Daten in automatisierten Dateien von ELPOZO ALIMENTACI\u00d3N S.A. gespeichert und gem\u00e4\u00df den Bestimmungen des spanischen Organgesetzes zum Datenschutz zu folgenden Zwecken verarbeitet werden: Bereitstellung von Informationen [&hellip;]<\/p>\n","protected":false},"author":2,"featured_media":0,"parent":0,"menu_order":0,"comment_status":"closed","ping_status":"closed","template":"elementor_header_footer","meta":{"footnotes":""},"class_list":["post-5264","page","type-page","status-publish","hentry"],"yoast_head":"<!-- This site is optimized with the Yoast SEO plugin v27.4 - https:\/\/yoast.com\/product\/yoast-seo-wordpress\/ -->\n<title>Datenschutzrichtlinie - Legado Ib\u00e9rico<\/title>\n<meta name=\"robots\" content=\"index, follow, max-snippet:-1, max-image-preview:large, max-video-preview:-1\" \/>\n<link rel=\"canonical\" href=\"https:\/\/legadoiberico.com\/de\/datenschutzrichtlinie\/\" \/>\n<meta property=\"og:locale\" content=\"de_DE\" \/>\n<meta property=\"og:type\" content=\"article\" \/>\n<meta property=\"og:title\" content=\"Datenschutzrichtlinie - Legado Ib\u00e9rico\" \/>\n<meta property=\"og:description\" content=\"Datenschutzrichtlinie Allgemeine Gesch\u00e4ftsbedingungen In \u00dcbereinstimmung mit dem spanischen Organgesetz 15\/1999 vom 13. Dezember zum Schutz personenbezogener Daten wird der Benutzer dar\u00fcber informiert, dass die \u00fcber diese Website erhaltenen personenbezogenen Daten in automatisierten Dateien von ELPOZO ALIMENTACI\u00d3N S.A. gespeichert und gem\u00e4\u00df den Bestimmungen des spanischen Organgesetzes zum Datenschutz zu folgenden Zwecken verarbeitet werden: Bereitstellung von Informationen [&hellip;]\" \/>\n<meta property=\"og:url\" content=\"https:\/\/legadoiberico.com\/de\/datenschutzrichtlinie\/\" \/>\n<meta property=\"og:site_name\" content=\"Legado Ib\u00e9rico\" \/>\n<meta property=\"article:publisher\" content=\"https:\/\/www.facebook.com\/legadoiberico\" \/>\n<meta property=\"article:modified_time\" content=\"2025-07-17T08:42:59+00:00\" \/>\n<meta property=\"og:image\" content=\"https:\/\/legadoiberico.com\/wp-content\/uploads\/2025\/04\/Logo_Legado_Iberico.png\" \/>\n\t<meta property=\"og:image:width\" content=\"272\" \/>\n\t<meta property=\"og:image:height\" content=\"184\" \/>\n\t<meta property=\"og:image:type\" content=\"image\/png\" \/>\n<meta name=\"twitter:card\" content=\"summary_large_image\" \/>\n<meta name=\"twitter:label1\" content=\"Gesch\u00e4tzte Lesezeit\" \/>\n\t<meta name=\"twitter:data1\" content=\"2\u00a0Minuten\" \/>\n<script type=\"application\/ld+json\" class=\"yoast-schema-graph\">{\"@context\":\"https:\\\/\\\/schema.org\",\"@graph\":[{\"@type\":\"WebPage\",\"@id\":\"https:\\\/\\\/legadoiberico.com\\\/de\\\/datenschutzrichtlinie\\\/\",\"url\":\"https:\\\/\\\/legadoiberico.com\\\/de\\\/datenschutzrichtlinie\\\/\",\"name\":\"Datenschutzrichtlinie - Legado Ib\u00e9rico\",\"isPartOf\":{\"@id\":\"https:\\\/\\\/legadoiberico.com\\\/de\\\/#website\"},\"datePublished\":\"2025-04-14T09:07:34+00:00\",\"dateModified\":\"2025-07-17T08:42:59+00:00\",\"breadcrumb\":{\"@id\":\"https:\\\/\\\/legadoiberico.com\\\/de\\\/datenschutzrichtlinie\\\/#breadcrumb\"},\"inLanguage\":\"de\",\"potentialAction\":[{\"@type\":\"ReadAction\",\"target\":[\"https:\\\/\\\/legadoiberico.com\\\/de\\\/datenschutzrichtlinie\\\/\"]}]},{\"@type\":\"BreadcrumbList\",\"@id\":\"https:\\\/\\\/legadoiberico.com\\\/de\\\/datenschutzrichtlinie\\\/#breadcrumb\",\"itemListElement\":[{\"@type\":\"ListItem\",\"position\":1,\"name\":\"Portada\",\"item\":\"https:\\\/\\\/legadoiberico.com\\\/de\\\/\"},{\"@type\":\"ListItem\",\"position\":2,\"name\":\"Datenschutzrichtlinie\"}]},{\"@type\":\"WebSite\",\"@id\":\"https:\\\/\\\/legadoiberico.com\\\/de\\\/#website\",\"url\":\"https:\\\/\\\/legadoiberico.com\\\/de\\\/\",\"name\":\"Legado Ib\u00e9rico | ElPozo\",\"description\":\"Legado, t\u00fa Ritual. Santuario de Sabor.\",\"publisher\":{\"@id\":\"https:\\\/\\\/legadoiberico.com\\\/de\\\/#organization\"},\"alternateName\":\"Legado Ib\u00e9rico\",\"potentialAction\":[{\"@type\":\"SearchAction\",\"target\":{\"@type\":\"EntryPoint\",\"urlTemplate\":\"https:\\\/\\\/legadoiberico.com\\\/de\\\/?s={search_term_string}\"},\"query-input\":{\"@type\":\"PropertyValueSpecification\",\"valueRequired\":true,\"valueName\":\"search_term_string\"}}],\"inLanguage\":\"de\"},{\"@type\":\"Organization\",\"@id\":\"https:\\\/\\\/legadoiberico.com\\\/de\\\/#organization\",\"name\":\"Legado Ib\u00e9rico - ElPozo\",\"alternateName\":\"Legado Ib\u00e9rico\",\"url\":\"https:\\\/\\\/legadoiberico.com\\\/de\\\/\",\"logo\":{\"@type\":\"ImageObject\",\"inLanguage\":\"de\",\"@id\":\"https:\\\/\\\/legadoiberico.com\\\/de\\\/#\\\/schema\\\/logo\\\/image\\\/\",\"url\":\"https:\\\/\\\/legadoiberico.com\\\/wp-content\\\/uploads\\\/2025\\\/04\\\/logo-legado-v2.svg\",\"contentUrl\":\"https:\\\/\\\/legadoiberico.com\\\/wp-content\\\/uploads\\\/2025\\\/04\\\/logo-legado-v2.svg\",\"width\":450,\"height\":317,\"caption\":\"Legado Ib\u00e9rico - ElPozo\"},\"image\":{\"@id\":\"https:\\\/\\\/legadoiberico.com\\\/de\\\/#\\\/schema\\\/logo\\\/image\\\/\"},\"sameAs\":[\"https:\\\/\\\/www.facebook.com\\\/legadoiberico\",\"https:\\\/\\\/www.youtube.com\\\/@LegadoIberico-zy9pg\",\"https:\\\/\\\/www.instagram.com\\\/legadoiberico\\\/\"]}]}<\/script>\n<!-- \/ Yoast SEO plugin. -->","yoast_head_json":{"title":"Datenschutzrichtlinie - Legado Ib\u00e9rico","robots":{"index":"index","follow":"follow","max-snippet":"max-snippet:-1","max-image-preview":"max-image-preview:large","max-video-preview":"max-video-preview:-1"},"canonical":"https:\/\/legadoiberico.com\/de\/datenschutzrichtlinie\/","og_locale":"de_DE","og_type":"article","og_title":"Datenschutzrichtlinie - Legado Ib\u00e9rico","og_description":"Datenschutzrichtlinie Allgemeine Gesch\u00e4ftsbedingungen In \u00dcbereinstimmung mit dem spanischen Organgesetz 15\/1999 vom 13. Dezember zum Schutz personenbezogener Daten wird der Benutzer dar\u00fcber informiert, dass die \u00fcber diese Website erhaltenen personenbezogenen Daten in automatisierten Dateien von ELPOZO ALIMENTACI\u00d3N S.A. gespeichert und gem\u00e4\u00df den Bestimmungen des spanischen Organgesetzes zum Datenschutz zu folgenden Zwecken verarbeitet werden: Bereitstellung von Informationen [&hellip;]","og_url":"https:\/\/legadoiberico.com\/de\/datenschutzrichtlinie\/","og_site_name":"Legado Ib\u00e9rico","article_publisher":"https:\/\/www.facebook.com\/legadoiberico","article_modified_time":"2025-07-17T08:42:59+00:00","og_image":[{"width":272,"height":184,"url":"https:\/\/legadoiberico.com\/wp-content\/uploads\/2025\/04\/Logo_Legado_Iberico.png","type":"image\/png"}],"twitter_card":"summary_large_image","twitter_misc":{"Gesch\u00e4tzte Lesezeit":"2\u00a0Minuten"},"schema":{"@context":"https:\/\/schema.org","@graph":[{"@type":"WebPage","@id":"https:\/\/legadoiberico.com\/de\/datenschutzrichtlinie\/","url":"https:\/\/legadoiberico.com\/de\/datenschutzrichtlinie\/","name":"Datenschutzrichtlinie - Legado Ib\u00e9rico","isPartOf":{"@id":"https:\/\/legadoiberico.com\/de\/#website"},"datePublished":"2025-04-14T09:07:34+00:00","dateModified":"2025-07-17T08:42:59+00:00","breadcrumb":{"@id":"https:\/\/legadoiberico.com\/de\/datenschutzrichtlinie\/#breadcrumb"},"inLanguage":"de","potentialAction":[{"@type":"ReadAction","target":["https:\/\/legadoiberico.com\/de\/datenschutzrichtlinie\/"]}]},{"@type":"BreadcrumbList","@id":"https:\/\/legadoiberico.com\/de\/datenschutzrichtlinie\/#breadcrumb","itemListElement":[{"@type":"ListItem","position":1,"name":"Portada","item":"https:\/\/legadoiberico.com\/de\/"},{"@type":"ListItem","position":2,"name":"Datenschutzrichtlinie"}]},{"@type":"WebSite","@id":"https:\/\/legadoiberico.com\/de\/#website","url":"https:\/\/legadoiberico.com\/de\/","name":"Legado Ib\u00e9rico | ElPozo","description":"Legado, t\u00fa Ritual. Santuario de Sabor.","publisher":{"@id":"https:\/\/legadoiberico.com\/de\/#organization"},"alternateName":"Legado Ib\u00e9rico","potentialAction":[{"@type":"SearchAction","target":{"@type":"EntryPoint","urlTemplate":"https:\/\/legadoiberico.com\/de\/?s={search_term_string}"},"query-input":{"@type":"PropertyValueSpecification","valueRequired":true,"valueName":"search_term_string"}}],"inLanguage":"de"},{"@type":"Organization","@id":"https:\/\/legadoiberico.com\/de\/#organization","name":"Legado Ib\u00e9rico - ElPozo","alternateName":"Legado Ib\u00e9rico","url":"https:\/\/legadoiberico.com\/de\/","logo":{"@type":"ImageObject","inLanguage":"de","@id":"https:\/\/legadoiberico.com\/de\/#\/schema\/logo\/image\/","url":"https:\/\/legadoiberico.com\/wp-content\/uploads\/2025\/04\/logo-legado-v2.svg","contentUrl":"https:\/\/legadoiberico.com\/wp-content\/uploads\/2025\/04\/logo-legado-v2.svg","width":450,"height":317,"caption":"Legado Ib\u00e9rico - ElPozo"},"image":{"@id":"https:\/\/legadoiberico.com\/de\/#\/schema\/logo\/image\/"},"sameAs":["https:\/\/www.facebook.com\/legadoiberico","https:\/\/www.youtube.com\/@LegadoIberico-zy9pg","https:\/\/www.instagram.com\/legadoiberico\/"]}]}},"_links":{"self":[{"href":"https:\/\/legadoiberico.com\/de\/wp-json\/wp\/v2\/pages\/5264","targetHints":{"allow":["GET"]}}],"collection":[{"href":"https:\/\/legadoiberico.com\/de\/wp-json\/wp\/v2\/pages"}],"about":[{"href":"https:\/\/legadoiberico.com\/de\/wp-json\/wp\/v2\/types\/page"}],"author":[{"embeddable":true,"href":"https:\/\/legadoiberico.com\/de\/wp-json\/wp\/v2\/users\/2"}],"replies":[{"embeddable":true,"href":"https:\/\/legadoiberico.com\/de\/wp-json\/wp\/v2\/comments?post=5264"}],"version-history":[{"count":1,"href":"https:\/\/legadoiberico.com\/de\/wp-json\/wp\/v2\/pages\/5264\/revisions"}],"predecessor-version":[{"id":5265,"href":"https:\/\/legadoiberico.com\/de\/wp-json\/wp\/v2\/pages\/5264\/revisions\/5265"}],"wp:attachment":[{"href":"https:\/\/legadoiberico.com\/de\/wp-json\/wp\/v2\/media?parent=5264"}],"curies":[{"name":"wp","href":"https:\/\/api.w.org\/{rel}","templated":true}]}}